{"id":88,"date":"2020-08-25T14:01:12","date_gmt":"2020-08-25T14:01:12","guid":{"rendered":"http:\/\/hauskunterbunt.net\/?page_id=88"},"modified":"2024-03-11T15:53:54","modified_gmt":"2024-03-11T15:53:54","slug":"ueber-uns","status":"publish","type":"page","link":"https:\/\/hauskunterbunt.net\/?page_id=88","title":{"rendered":"\u00dcber uns"},"content":{"rendered":"\n<h4><\/h4>\n\n\n\n<h3>Der Verein<\/h3>\n\n\n\n<p>Haus Kunterbunt e.V. wurde Ende 2016 von einer kleinen Gruppe Menschen gegr\u00fcndet, die gemeinsam neue Wege im Miteinander gehen. Dabei soll besonders den Mitmenschen, denen es im Alltag schwer f\u00e4llt, die M\u00f6glichkeit geboten werden, sich aktiv in eine Gemeinschaft einzubringen.<\/p>\n\n\n\n<p>In den ersten  Jahren haben wir verschiedene Projekte an Schulen zum Umgang mit <a href=\"https:\/\/hauskunterbunt.net\/?page_id=77\" data-type=\"URL\" data-id=\"https:\/\/hauskunterbunt.net\/?page_id=77\">Konflikten <\/a>gestaltet, regelm\u00e4\u00dfig eine Zukunftswerkstatt abgehalten, um die Ideen und Ziele der Gemeinschaft zu definieren. <\/p>\n\n\n\n<p>Ein Permakultur Garten ist aufgebaut und versorgt die Bewohner des Hauses und die Vereinsaktionen mit selbst angebauten Leckereien.<\/p>\n\n\n\n<p>Regelm\u00e4\u00dfig veranstalten wir <a href=\"https:\/\/hauskunterbunt.net\/?page_id=86\" data-type=\"URL\" data-id=\"https:\/\/hauskunterbunt.net\/?page_id=86\">Spiele-Treffs<\/a> f\u00fcr Gro\u00df und Klein.<br>Im Bereich Hilfe zur Selbsthilfe wurde ein einsamer, \u00e4lterer Mitb\u00fcrger \u00fcber zwei Jahre im Alltag unterst\u00fctzt. In Zusammenarbeit mit dem Paliativ-Netz Eschwege konnten wir ihm seinen Wunsch erm\u00f6glichen, trotz schwerer Krankheit zu Hause friedlich einzuschlafen.<\/p>\n\n\n\n<p>Ende 2018 wurde deutlich, dass die Angebote nicht in dem bestehenden Umfang aufrecht erhalten werden k\u00f6nnen und wir mussten uns neu Aufstellen. <br>Heute haben wir eine stabile Basis gefunden, auf der wir nun unsere Ideen eines bereichernden Miteinanders umsetzen k\u00f6nnen.<\/p>\n\n\n\n<p><br>2021 wurde die <a href=\"https:\/\/hauskunterbunt.net\/?page_id=101\" data-type=\"URL\" data-id=\"https:\/\/hauskunterbunt.net\/?page_id=101\">Bibliothek <\/a>gegr\u00fcndet.<\/p>\n\n\n\n<p>2022 konzentrierten wir uns auf den Seelen-Garten. <\/p>\n\n\n\n<p>Bei allen Projekten und Aktionen wird langsam und ruhig gearbeitet, um allen Mitgliedern der Gemeinschaft die Teilhabe zu erm\u00f6glichen. Wenn ihr uns also beobachtet, was so entsteht, immer dran denken:<\/p>\n\n\n\n<p>Mach langsam, dann bist Du schneller fertig!<\/p>\n\n\n\n<div class=\"is-layout-flex wp-container-2 wp-block-columns\">\n<div class=\"is-layout-flow wp-block-column\"><\/div>\n<\/div>\n\n\n\n<div class=\"is-layout-flex wp-container-6 wp-block-columns\">\n<div class=\"is-layout-flow wp-block-column\" style=\"flex-basis:100%\">\n<div class=\"is-layout-flex wp-container-4 wp-block-columns\">\n<div class=\"is-layout-flow wp-block-column\" style=\"flex-basis:100%\">\n<p>Wer die Verantwortlichen im Verein sind findet ihr <a rel=\"noreferrer noopener\" href=\"https:\/\/hauskunterbunt.net\/?page_id=176\" target=\"_blank\">hier<\/a>.<br> <\/p>\n<\/div>\n<\/div>\n<\/div>\n<\/div>\n","protected":false},"excerpt":{"rendered":"<p>Der Verein Haus Kunterbunt e.V. wurde Ende 2016 von einer kleinen Gruppe Menschen gegr\u00fcndet, die gemeinsam neue Wege im Miteinander gehen. Dabei soll besonders den Mitmenschen, denen es im Alltag schwer f\u00e4llt, die M\u00f6glichkeit geboten werden, sich aktiv in eine Gemeinschaft einzubringen. In den ersten Jahren haben wir verschiedene Projekte an Schulen zum Umgang mit<\/p>\n<div class=\"more-link\">\n\t\t\t\t <a href=\"https:\/\/hauskunterbunt.net\/?page_id=88\" class=\"link-btn\"><span>Weiterlesen <\/span> <i class=\"icofont-thin-double-right\"><\/i><\/a>\n\t\t\t<\/div>\n","protected":false},"author":1,"featured_media":0,"parent":0,"menu_order":0,"comment_status":"closed","ping_status":"closed","template":"","meta":[],"_links":{"self":[{"href":"https:\/\/hauskunterbunt.net\/index.php?rest_route=\/wp\/v2\/pages\/88"}],"collection":[{"href":"https:\/\/hauskunterbunt.net\/index.php?rest_route=\/wp\/v2\/pages"}],"about":[{"href":"https:\/\/hauskunterbunt.net\/index.php?rest_route=\/wp\/v2\/types\/page"}],"author":[{"embeddable":true,"href":"https:\/\/hauskunterbunt.net\/index.php?rest_route=\/wp\/v2\/users\/1"}],"replies":[{"embeddable":true,"href":"https:\/\/hauskunterbunt.net\/index.php?rest_route=%2Fwp%2Fv2%2Fcomments&post=88"}],"version-history":[{"count":28,"href":"https:\/\/hauskunterbunt.net\/index.php?rest_route=\/wp\/v2\/pages\/88\/revisions"}],"predecessor-version":[{"id":722,"href":"https:\/\/hauskunterbunt.net\/index.php?rest_route=\/wp\/v2\/pages\/88\/revisions\/722"}],"wp:attachment":[{"href":"https:\/\/hauskunterbunt.net\/index.php?rest_route=%2Fwp%2Fv2%2Fmedia&parent=88"}],"curies":[{"name":"wp","href":"https:\/\/api.w.org\/{rel}","templated":true}]}}