{"id":527,"date":"2023-02-13T09:49:35","date_gmt":"2023-02-13T09:49:35","guid":{"rendered":"https:\/\/hauskunterbunt.net\/?page_id=527"},"modified":"2023-04-28T08:41:00","modified_gmt":"2023-04-28T08:41:00","slug":"seelengarten","status":"publish","type":"page","link":"https:\/\/hauskunterbunt.net\/?page_id=527","title":{"rendered":"Seelengarten"},"content":{"rendered":"\n<h2 class=\"has-text-align-center wp-block-heading\">Die Seele durch gemeinschaftliches G\u00e4rtnern erden<\/h2>\n\n\n\n<h2>Was ist der Seelengarten?<\/h2>\n\n\n\n<p>Um euch zu erkl\u00e4ren, was der Seelengarten ist, erz\u00e4hlen wir euch am besten, wie er entstanden ist.<br>Wir sind eine kleine Gruppe von Menschen, die in ihrem Leben schwere seelische Verletzungen erlitten haben und nun mehr oder weniger stark im Alltag eingeschr\u00e4nkt sind. Der Seelengarten ist aus dem Wunsch entstanden, einen Ort zu schaffen, der uns in unserer Heilung unterst\u00fctzen kann. Und uns im Idealfall noch mit leckerem Essen versorgt.<br>So haben wir begonnen unseren Garten nach den Prinzipien der Permakultur zu gestalten und erleben so jeden Tag die Geschenke der Natur, bekommen f\u00fcr unsere Arbeit im Garten die Fr\u00fcchte und empfinden im Garten eine tiefe Verbundenheit zum Leben um uns herum.<br>Diese Verbundenheit zu dem Leben um uns herum ist es, die ein tiefes Urvertrauen wachsen l\u00e4sst, was uns im Alltag dann viel Kraft gibt. <\/p>\n\n\n\n<p>Es wurde sehr schnell klar, dass nicht nur wir, die durch traumatische Erlebnisse unsere seelischen Verletzungen erlitten, die Verbindung zur Erde als wohltuend und bereichernd empfinden. <br>Unsere Gesellschaft ist in eine Schieflage geraten, die daf\u00fcr sorgt, dass die einzelnen Menschen sowohl im sozialen Miteinander, als auch auf spiritueller Ebene, immer weniger Halt und Geborgenheit finden.<br><br>So erweitern wir St\u00fcck um St\u00fcck die Fl\u00e4chen, auf denen wir unseren Seelengarten verwirklichen und laden interessierte Menschen ein mit uns die Geschenke des G\u00e4rtnerns kennen zu lernen.<br><br>Wenn gemeinsam im Seelengarten gearbeitet wird, sorgt die friedliche und geborgene Atmosph\u00e4re des Gartens f\u00fcr vertraute und bereichernde Gespr\u00e4che. Den Menschen, die in Therapie sind, bietet sich die M\u00f6glichkeit in dieser gesch\u00fctzen Atmosph\u00e4re das in der Therapie erlernte langsam im Alltag zu integrieren und durch den Erfahrungsaustausch mit anderen Menschen, entsteht eine weitere Unterst\u00fctzung bei der Heilung.<\/p>\n\n\n\n<p>Wir denken, dass es fast allen Menschen gut tut sich wieder mit dem lebendigen Wesen unserer Erde zu verbinden. Zu verstehen, dass alles was wir bauchen aus diesem Boden kommt. Und wie wertvoll und bereichernd es ist, selbst f\u00fcr sein Essen zu sorgen. Das Leben bekommt einen tiefen Sinn, wodurch der Alltag friedlicher und bereichernder wird.<\/p>\n\n\n\n<p class=\"has-text-align-left\"><br><\/p>\n\n\n\n<figure class=\"is-layout-flex wp-block-gallery-1 wp-block-gallery has-nested-images columns-default is-cropped\">\n<figure class=\"wp-block-image size-large\"><img decoding=\"async\" loading=\"lazy\" width=\"700\" height=\"933\" data-id=\"364\"  src=\"https:\/\/hauskunterbunt.net\/wp-content\/uploads\/2022\/06\/IMG20220606142304-700x933.jpg\" alt=\"\" class=\"wp-image-364\" srcset=\"https:\/\/hauskunterbunt.net\/wp-content\/uploads\/2022\/06\/IMG20220606142304-700x933.jpg 700w, https:\/\/hauskunterbunt.net\/wp-content\/uploads\/2022\/06\/IMG20220606142304-225x300.jpg 225w, https:\/\/hauskunterbunt.net\/wp-content\/uploads\/2022\/06\/IMG20220606142304-768x1024.jpg 768w, https:\/\/hauskunterbunt.net\/wp-content\/uploads\/2022\/06\/IMG20220606142304-1152x1536.jpg 1152w, https:\/\/hauskunterbunt.net\/wp-content\/uploads\/2022\/06\/IMG20220606142304-1536x2048.jpg 1536w, https:\/\/hauskunterbunt.net\/wp-content\/uploads\/2022\/06\/IMG20220606142304-1x1.jpg 1w, https:\/\/hauskunterbunt.net\/wp-content\/uploads\/2022\/06\/IMG20220606142304-scaled.jpg 1920w\" sizes=\"(max-width: 700px) 100vw, 700px\" \/><\/figure>\n\n\n\n<figure class=\"wp-block-image size-large\"><img decoding=\"async\" loading=\"lazy\" width=\"700\" height=\"933\" data-id=\"359\"  src=\"https:\/\/hauskunterbunt.net\/wp-content\/uploads\/2022\/06\/IMG20220503145629-700x933.jpg\" alt=\"\" class=\"wp-image-359\" srcset=\"https:\/\/hauskunterbunt.net\/wp-content\/uploads\/2022\/06\/IMG20220503145629-700x933.jpg 700w, https:\/\/hauskunterbunt.net\/wp-content\/uploads\/2022\/06\/IMG20220503145629-225x300.jpg 225w, https:\/\/hauskunterbunt.net\/wp-content\/uploads\/2022\/06\/IMG20220503145629-768x1024.jpg 768w, https:\/\/hauskunterbunt.net\/wp-content\/uploads\/2022\/06\/IMG20220503145629-1152x1536.jpg 1152w, https:\/\/hauskunterbunt.net\/wp-content\/uploads\/2022\/06\/IMG20220503145629-1536x2048.jpg 1536w, https:\/\/hauskunterbunt.net\/wp-content\/uploads\/2022\/06\/IMG20220503145629-1x1.jpg 1w, https:\/\/hauskunterbunt.net\/wp-content\/uploads\/2022\/06\/IMG20220503145629-scaled.jpg 1920w\" sizes=\"(max-width: 700px) 100vw, 700px\" \/><\/figure>\n\n\n\n<figure class=\"wp-block-image size-large\"><img decoding=\"async\" loading=\"lazy\" width=\"700\" height=\"525\" data-id=\"363\"  src=\"https:\/\/hauskunterbunt.net\/wp-content\/uploads\/2022\/06\/IMG20220606142226-700x525.jpg\" alt=\"\" class=\"wp-image-363\" srcset=\"https:\/\/hauskunterbunt.net\/wp-content\/uploads\/2022\/06\/IMG20220606142226-700x525.jpg 700w, https:\/\/hauskunterbunt.net\/wp-content\/uploads\/2022\/06\/IMG20220606142226-300x225.jpg 300w, https:\/\/hauskunterbunt.net\/wp-content\/uploads\/2022\/06\/IMG20220606142226-768x576.jpg 768w, https:\/\/hauskunterbunt.net\/wp-content\/uploads\/2022\/06\/IMG20220606142226-1536x1152.jpg 1536w, https:\/\/hauskunterbunt.net\/wp-content\/uploads\/2022\/06\/IMG20220606142226-2048x1536.jpg 2048w, https:\/\/hauskunterbunt.net\/wp-content\/uploads\/2022\/06\/IMG20220606142226-1x1.jpg 1w\" sizes=\"(max-width: 700px) 100vw, 700px\" \/><\/figure>\n<\/figure>\n\n\n\n<p class=\"has-text-align-left\">Neben einem 1100 m\u00b2 gro\u00dfen Garten am Alten Graben, bewirtschaften wir weitere Fl\u00e4chen nach den Prinzipien der Permakultur. <br>Das Konzept der Permakultur umfasst die gesamte Lebensweise des Menschen. Das wichtigste Ziel der Permakultur ist die Nachhaltigkeit durch Zusammenarbeit der unterschiedlichen Lebewesen um unseren Bedarf an Lebensmitteln, Wasser, Energie usw. zu decken. Dieses Prinzip f\u00f6rdert die Kooperation und bewirkt auch im sozialen Miteinander positive Ver\u00e4nderungen.<br>Unser Seelengarten wird von Menschen mit Behinderung organisiert und gepflegt. <br>Einem achtsamen und kooperativen Umgang wird besondere Aufmerksamkeit geschenkt.<br>Der Seelengarten wird in Selbstverwaltung gef\u00fchrt und soll sich so dem Bedarf der beteiligten Menschen anpassen.<br>Wir laden zum gemeinsamen ernten, kochen, backen und vieles mehr ein und bieten so Menschen mit Einschr\u00e4nkungen eine Basis, um soziale Kontakte aufrecht zu erhalten und einer dauerhaften T\u00e4tigkeit nachzugehen. <br>Selbstvertrauen und ein bereicherndes Miteinander werden durch die gemeinsame Verantwortung f\u00fcr einen lebendigen Ort gef\u00f6rdert.<br><\/p>\n\n\n\n<figure class=\"is-layout-flex wp-block-gallery-3 wp-block-gallery has-nested-images columns-default is-cropped\">\n<figure class=\"wp-block-image size-large\"><img decoding=\"async\" loading=\"lazy\" width=\"700\" height=\"525\" data-id=\"366\"  src=\"https:\/\/hauskunterbunt.net\/wp-content\/uploads\/2022\/06\/IMG20220606142417-700x525.jpg\" alt=\"\" class=\"wp-image-366\" srcset=\"https:\/\/hauskunterbunt.net\/wp-content\/uploads\/2022\/06\/IMG20220606142417-700x525.jpg 700w, https:\/\/hauskunterbunt.net\/wp-content\/uploads\/2022\/06\/IMG20220606142417-300x225.jpg 300w, https:\/\/hauskunterbunt.net\/wp-content\/uploads\/2022\/06\/IMG20220606142417-768x576.jpg 768w, https:\/\/hauskunterbunt.net\/wp-content\/uploads\/2022\/06\/IMG20220606142417-1536x1152.jpg 1536w, https:\/\/hauskunterbunt.net\/wp-content\/uploads\/2022\/06\/IMG20220606142417-2048x1536.jpg 2048w, https:\/\/hauskunterbunt.net\/wp-content\/uploads\/2022\/06\/IMG20220606142417-1x1.jpg 1w\" sizes=\"(max-width: 700px) 100vw, 700px\" \/><\/figure>\n\n\n\n<figure class=\"wp-block-image size-large\"><img decoding=\"async\" loading=\"lazy\" width=\"700\" height=\"948\" data-id=\"365\"  src=\"https:\/\/hauskunterbunt.net\/wp-content\/uploads\/2022\/06\/IMG20220606142405-700x948.jpg\" alt=\"\" class=\"wp-image-365\" srcset=\"https:\/\/hauskunterbunt.net\/wp-content\/uploads\/2022\/06\/IMG20220606142405-700x948.jpg 700w, https:\/\/hauskunterbunt.net\/wp-content\/uploads\/2022\/06\/IMG20220606142405-221x300.jpg 221w, https:\/\/hauskunterbunt.net\/wp-content\/uploads\/2022\/06\/IMG20220606142405-768x1040.jpg 768w, https:\/\/hauskunterbunt.net\/wp-content\/uploads\/2022\/06\/IMG20220606142405-1134x1536.jpg 1134w, https:\/\/hauskunterbunt.net\/wp-content\/uploads\/2022\/06\/IMG20220606142405-1512x2048.jpg 1512w, https:\/\/hauskunterbunt.net\/wp-content\/uploads\/2022\/06\/IMG20220606142405-1x1.jpg 1w, https:\/\/hauskunterbunt.net\/wp-content\/uploads\/2022\/06\/IMG20220606142405-scaled.jpg 1890w\" sizes=\"(max-width: 700px) 100vw, 700px\" \/><\/figure>\n\n\n\n<figure class=\"wp-block-image size-large\"><img decoding=\"async\" loading=\"lazy\" width=\"700\" height=\"525\" data-id=\"362\"  src=\"https:\/\/hauskunterbunt.net\/wp-content\/uploads\/2022\/06\/IMG20220606142102-700x525.jpg\" alt=\"\" class=\"wp-image-362\" srcset=\"https:\/\/hauskunterbunt.net\/wp-content\/uploads\/2022\/06\/IMG20220606142102-700x525.jpg 700w, https:\/\/hauskunterbunt.net\/wp-content\/uploads\/2022\/06\/IMG20220606142102-300x225.jpg 300w, https:\/\/hauskunterbunt.net\/wp-content\/uploads\/2022\/06\/IMG20220606142102-768x576.jpg 768w, https:\/\/hauskunterbunt.net\/wp-content\/uploads\/2022\/06\/IMG20220606142102-1536x1152.jpg 1536w, https:\/\/hauskunterbunt.net\/wp-content\/uploads\/2022\/06\/IMG20220606142102-2048x1536.jpg 2048w, https:\/\/hauskunterbunt.net\/wp-content\/uploads\/2022\/06\/IMG20220606142102-1x1.jpg 1w\" sizes=\"(max-width: 700px) 100vw, 700px\" \/><\/figure>\n\n\n\n<figure class=\"wp-block-image size-large\"><img decoding=\"async\" loading=\"lazy\" width=\"700\" height=\"525\" data-id=\"368\"  src=\"https:\/\/hauskunterbunt.net\/wp-content\/uploads\/2022\/06\/IMG20220606142623-700x525.jpg\" alt=\"\" class=\"wp-image-368\" srcset=\"https:\/\/hauskunterbunt.net\/wp-content\/uploads\/2022\/06\/IMG20220606142623-700x525.jpg 700w, https:\/\/hauskunterbunt.net\/wp-content\/uploads\/2022\/06\/IMG20220606142623-300x225.jpg 300w, https:\/\/hauskunterbunt.net\/wp-content\/uploads\/2022\/06\/IMG20220606142623-768x576.jpg 768w, https:\/\/hauskunterbunt.net\/wp-content\/uploads\/2022\/06\/IMG20220606142623-1536x1152.jpg 1536w, https:\/\/hauskunterbunt.net\/wp-content\/uploads\/2022\/06\/IMG20220606142623-2048x1536.jpg 2048w, https:\/\/hauskunterbunt.net\/wp-content\/uploads\/2022\/06\/IMG20220606142623-1x1.jpg 1w\" sizes=\"(max-width: 700px) 100vw, 700px\" \/><\/figure>\n\n\n\n<figure class=\"wp-block-image size-large\"><img decoding=\"async\" loading=\"lazy\" width=\"700\" height=\"525\" data-id=\"370\"  src=\"https:\/\/hauskunterbunt.net\/wp-content\/uploads\/2022\/06\/IMG20220606142729-700x525.jpg\" alt=\"\" class=\"wp-image-370\" srcset=\"https:\/\/hauskunterbunt.net\/wp-content\/uploads\/2022\/06\/IMG20220606142729-700x525.jpg 700w, https:\/\/hauskunterbunt.net\/wp-content\/uploads\/2022\/06\/IMG20220606142729-300x225.jpg 300w, https:\/\/hauskunterbunt.net\/wp-content\/uploads\/2022\/06\/IMG20220606142729-768x576.jpg 768w, https:\/\/hauskunterbunt.net\/wp-content\/uploads\/2022\/06\/IMG20220606142729-1536x1152.jpg 1536w, https:\/\/hauskunterbunt.net\/wp-content\/uploads\/2022\/06\/IMG20220606142729-2048x1536.jpg 2048w, https:\/\/hauskunterbunt.net\/wp-content\/uploads\/2022\/06\/IMG20220606142729-1x1.jpg 1w\" sizes=\"(max-width: 700px) 100vw, 700px\" \/><\/figure>\n\n\n\n<figure class=\"wp-block-image size-large\"><img decoding=\"async\" loading=\"lazy\" width=\"700\" height=\"525\" data-id=\"361\"  src=\"https:\/\/hauskunterbunt.net\/wp-content\/uploads\/2022\/06\/IMG20220606142049-700x525.jpg\" alt=\"\" class=\"wp-image-361\" srcset=\"https:\/\/hauskunterbunt.net\/wp-content\/uploads\/2022\/06\/IMG20220606142049-700x525.jpg 700w, https:\/\/hauskunterbunt.net\/wp-content\/uploads\/2022\/06\/IMG20220606142049-300x225.jpg 300w, https:\/\/hauskunterbunt.net\/wp-content\/uploads\/2022\/06\/IMG20220606142049-768x576.jpg 768w, https:\/\/hauskunterbunt.net\/wp-content\/uploads\/2022\/06\/IMG20220606142049-1536x1152.jpg 1536w, https:\/\/hauskunterbunt.net\/wp-content\/uploads\/2022\/06\/IMG20220606142049-2048x1536.jpg 2048w, https:\/\/hauskunterbunt.net\/wp-content\/uploads\/2022\/06\/IMG20220606142049-1x1.jpg 1w\" sizes=\"(max-width: 700px) 100vw, 700px\" \/><\/figure>\n<\/figure>\n","protected":false},"excerpt":{"rendered":"<p>Die Seele durch gemeinschaftliches G\u00e4rtnern erden Was ist der Seelengarten? Um euch zu erkl\u00e4ren, was der Seelengarten ist, erz\u00e4hlen wir euch am besten, wie er entstanden ist.Wir sind eine kleine Gruppe von Menschen, die in ihrem Leben schwere seelische Verletzungen erlitten haben und nun mehr oder weniger stark im Alltag eingeschr\u00e4nkt sind. Der Seelengarten ist<\/p>\n<div class=\"more-link\">\n\t\t\t\t <a href=\"https:\/\/hauskunterbunt.net\/?page_id=527\" class=\"link-btn\"><span>Weiterlesen <\/span> <i class=\"icofont-thin-double-right\"><\/i><\/a>\n\t\t\t<\/div>\n","protected":false},"author":1,"featured_media":0,"parent":0,"menu_order":0,"comment_status":"closed","ping_status":"closed","template":"","meta":[],"_links":{"self":[{"href":"https:\/\/hauskunterbunt.net\/index.php?rest_route=\/wp\/v2\/pages\/527"}],"collection":[{"href":"https:\/\/hauskunterbunt.net\/index.php?rest_route=\/wp\/v2\/pages"}],"about":[{"href":"https:\/\/hauskunterbunt.net\/index.php?rest_route=\/wp\/v2\/types\/page"}],"author":[{"embeddable":true,"href":"https:\/\/hauskunterbunt.net\/index.php?rest_route=\/wp\/v2\/users\/1"}],"replies":[{"embeddable":true,"href":"https:\/\/hauskunterbunt.net\/index.php?rest_route=%2Fwp%2Fv2%2Fcomments&post=527"}],"version-history":[{"count":6,"href":"https:\/\/hauskunterbunt.net\/index.php?rest_route=\/wp\/v2\/pages\/527\/revisions"}],"predecessor-version":[{"id":701,"href":"https:\/\/hauskunterbunt.net\/index.php?rest_route=\/wp\/v2\/pages\/527\/revisions\/701"}],"wp:attachment":[{"href":"https:\/\/hauskunterbunt.net\/index.php?rest_route=%2Fwp%2Fv2%2Fmedia&parent=527"}],"curies":[{"name":"wp","href":"https:\/\/api.w.org\/{rel}","templated":true}]}}