{"id":30,"date":"2020-06-14T10:58:18","date_gmt":"2020-06-14T10:58:18","guid":{"rendered":"http:\/\/hauskunterbunt.net\/?page_id=30"},"modified":"2020-09-03T11:19:59","modified_gmt":"2020-09-03T11:19:59","slug":"leitbild","status":"publish","type":"page","link":"https:\/\/hauskunterbunt.net\/?page_id=30","title":{"rendered":"Leitbild"},"content":{"rendered":"\n<p>Wir brauchen L\u00f6sungen f\u00fcr die Erf\u00fcllung unserer existenziellen Bed\u00fcrfnisse nach gesunder Nahrung, sauberem Wasser, Wohnraum und friedlichem Miteinander.<\/p>\n\n\n\n<p>Wir bieten im Haus Hintergasse 16\/18 in Heldra, Raum f\u00fcr Austausch und gegenseitige Bereicherung.<br>Wir m\u00f6chten dabei mitwirken kommunale Aufgaben wieder in Eigenverantwortung zu regeln, um die Verbindung mit der Heimat und Natur zu st\u00e4rken.<\/p>\n\n\n\n<p>Dabei geht es uns in erster Linie um gute, bereichernde Beziehung mit allen Wesen in unserem Umfeld.<\/p>\n\n\n\n<p>Alle Aktionen von \u201eHaus Kunterbunt\u201c unterst\u00fctzen folgende Gedanken und Vorstellungen der Kooperation:<\/p>\n\n\n\n<ul><li>Wir Menschen sind soziale Wesen und in vielen unserer Bed\u00fcrfnisse voneinander abh\u00e4ngig.<\/li><li>Alle Menschen m\u00f6chten ihre Bed\u00fcrfnisse befriedigt bekommen.<\/li><li>Wir leben in guten Beziehungen, wenn wir diese Bed\u00fcrfnisse durch Zusammenarbeit erf\u00fcllen.<\/li><li>Jeder Mensch hat bemerkenswerte F\u00e4higkeiten und Talente, die wir erleben und f\u00f6rdern k\u00f6nnen, wenn wir uns mit Einf\u00fchlung und Ehrlichkeit begegnen.<\/li><li>Hinter jedem aggressiven Verhalten steckt ein unerf\u00fclltes Bed\u00fcrfnis.<\/li><li>Jedes Bed\u00fcrfnis dient dem Leben, insofern gibt es keine \u201enegativen\u201c Bed\u00fcrfnisse.<\/li><\/ul>\n\n\n\n<p>Wir betrachten die direkte Unterst\u00fctzung der Menschen, mit denen wir allt\u00e4glich in Kontakt sind, als besonders wertvoll. Daher liegt der Schwerpunkt von \u201eHaus Kunterbunt e.V.\u201c in Heldra und Umgebung und es werden Projekte und Veranstaltungen im Raum Eisenach-Eschwege angeboten.<\/p>\n\n\n\n<p>Wir teilen unsere Entdeckungen mit der Welt und sind neugierig auf Konzepte und Ideen, anderer Projekte und Initiativen. Unser Wirken soll auch \u00fcberregional zu einem friedlichen Miteinander beitragen.<br>Dabei werden vorhandene Netzwerke und Strukturen gepflegt und ausgebaut.<\/p>\n\n\n\n<p><\/p>\n\n\n\n<p><\/p>\n\n\n\n<p><\/p>\n\n\n\n<h1>Orientierungshilfe<\/h1>\n\n\n\n<p><em><strong>Die Orientierungshilfe \u201eGesellschaftlicher Klimawandel\u201c ist Bestandteil unseres Leitbildes.<\/strong><\/em><\/p>\n\n\n\n<p>Sie beinhaltet:<\/p>\n\n\n\n<p><strong><a href=\"https:\/\/hauskunterbunt.net\/?page_id=37\">Wertekompass<\/a><\/strong><\/p>\n\n\n\n<p>Als Orientierungshilfe auf dem Weg dient ein Wertekompass, in dem unterschiedliche gesellschaftliche, politische und religi\u00f6se Werte und Schlagworte miteinander in Einklang gebracht werden. Die Basis ist dabei die in vielen Bereichen zu findende Dreigliederung, wie \u201eK\u00f6rper-Seele-Geist\u201c oder \u201eFreiheit-Gleichheit-Br\u00fcderlichkeit\u201c.<\/p>\n\n\n\n<p><strong><a href=\"https:\/\/hauskunterbunt.net\/?page_id=33\">Landkarte<\/a><\/strong><\/p>\n\n\n\n<p>Um in dem gro\u00dfen Ganzen den \u00dcberblick nicht zu verlieren, wurde eine Landkarte in Form eines <a href=\"https:\/\/akademie-fuer-lernmethoden.de\/lernmethoden\/birkenbihls-lieblinge\/kawas-und-kagas\/\" target=\"_blank\" rel=\"noreferrer noopener\">KaWa<\/a> entwickelt. Hier wird die Dreigliederung beachtet und f\u00fcr Gesellschaftsbereiche wie Bildung, Kultur, Wirtschaft und Rechtssystem grunds\u00e4tzliche Anspr\u00fcche und Vorstellungen formuliert.<\/p>\n","protected":false},"excerpt":{"rendered":"<p>Wir brauchen L\u00f6sungen f\u00fcr die Erf\u00fcllung unserer existenziellen Bed\u00fcrfnisse nach gesunder Nahrung, sauberem Wasser, Wohnraum und friedlichem Miteinander. Wir bieten im Haus Hintergasse 16\/18 in Heldra, Raum f\u00fcr Austausch und gegenseitige Bereicherung.Wir m\u00f6chten dabei mitwirken kommunale Aufgaben wieder in Eigenverantwortung zu regeln, um die Verbindung mit der Heimat und Natur zu st\u00e4rken. Dabei geht es<\/p>\n<div class=\"more-link\">\n\t\t\t\t <a href=\"https:\/\/hauskunterbunt.net\/?page_id=30\" class=\"link-btn\"><span>Weiterlesen <\/span> <i class=\"icofont-thin-double-right\"><\/i><\/a>\n\t\t\t<\/div>\n","protected":false},"author":1,"featured_media":0,"parent":0,"menu_order":0,"comment_status":"closed","ping_status":"closed","template":"","meta":[],"_links":{"self":[{"href":"https:\/\/hauskunterbunt.net\/index.php?rest_route=\/wp\/v2\/pages\/30"}],"collection":[{"href":"https:\/\/hauskunterbunt.net\/index.php?rest_route=\/wp\/v2\/pages"}],"about":[{"href":"https:\/\/hauskunterbunt.net\/index.php?rest_route=\/wp\/v2\/types\/page"}],"author":[{"embeddable":true,"href":"https:\/\/hauskunterbunt.net\/index.php?rest_route=\/wp\/v2\/users\/1"}],"replies":[{"embeddable":true,"href":"https:\/\/hauskunterbunt.net\/index.php?rest_route=%2Fwp%2Fv2%2Fcomments&post=30"}],"version-history":[{"count":6,"href":"https:\/\/hauskunterbunt.net\/index.php?rest_route=\/wp\/v2\/pages\/30\/revisions"}],"predecessor-version":[{"id":182,"href":"https:\/\/hauskunterbunt.net\/index.php?rest_route=\/wp\/v2\/pages\/30\/revisions\/182"}],"wp:attachment":[{"href":"https:\/\/hauskunterbunt.net\/index.php?rest_route=%2Fwp%2Fv2%2Fmedia&parent=30"}],"curies":[{"name":"wp","href":"https:\/\/api.w.org\/{rel}","templated":true}]}}