{"id":2,"date":"2016-05-10T03:48:21","date_gmt":"2016-05-10T03:48:21","guid":{"rendered":"http:\/\/hauskunterbunt.net\/?page_id=2"},"modified":"2024-03-11T15:43:30","modified_gmt":"2024-03-11T15:43:30","slug":"sample-page","status":"publish","type":"page","link":"https:\/\/hauskunterbunt.net\/","title":{"rendered":"Startseite"},"content":{"rendered":"<h3 style=\"text-align: left;\">Herzlich willkommen auf unsere Homepage<\/h3>\n<p><img decoding=\"async\" loading=\"lazy\" class=\"wp-image-490 alignright\" src=\"https:\/\/hauskunterbunt.net\/wp-content\/uploads\/2023\/02\/Baum-Trasparent-1-300x300.png\" alt=\"\" width=\"245\" height=\"245\" srcset=\"https:\/\/hauskunterbunt.net\/wp-content\/uploads\/2023\/02\/Baum-Trasparent-1-300x300.png 300w, https:\/\/hauskunterbunt.net\/wp-content\/uploads\/2023\/02\/Baum-Trasparent-1-150x150.png 150w, https:\/\/hauskunterbunt.net\/wp-content\/uploads\/2023\/02\/Baum-Trasparent-1.png 350w\" sizes=\"(max-width: 245px) 100vw, 245px\" \/><\/p>\n<p>Haus Kunterbunt e.V. ist in den Bereichen Jugendarbeit, Hilfe zur Selbsthilfe, Permakultur und Mehrgenerationenprojekte t\u00e4tig. Unser Haus Kunterbunt findet ihr in Heldra, unsere Projekte bieten wir im Raum Eisenach &#8211; Eschwege an, auf Anfrage auch au\u00dferhalb.<\/p>\n<h4><\/h4>\n<h4>Wof\u00fcr wir uns einsetzen<\/h4>\n<p>Uns sind bereichernde Beziehungen und eine nachhaltige Lebensweise wichtig. In unserer Gesellschaft hat sich eine Kultur der Konkurrenz entwickelt, die ein friedliches Miteinander erschwert. Wir w\u00fcnschen uns, dass Zusammenarbeit und die F\u00f6rderung von Talenten mehr Aufmerksamkeit bekommen.<\/p>\n<p>Mit unseren Projekten und Angeboten wollen wir ein friedliches Miteinander f\u00f6rdern. Jeder kann dazu beitragen unser gesellschaftliches Miteinander bereichernd und nachhaltig zu gestalten. Es braucht den Mut neue Wege auszuprobieren, wobei eine starke Gemeinschaft hilfreich ist. Wir beachten, dass Menschen unterschiedliche F\u00e4higkeiten und Talente haben, die gef\u00f6rdert und bereichernd in die Gemeinschaft eingebracht werden k\u00f6nnen. Besonders Menschen mit Einschr\u00e4nkungen m\u00f6chten wir die M\u00f6glichkeit bieten sich einzubringen.<\/p>\n<p>Grundlage der Projekte ist die Permakultur. Das Grundkonzept unseres Vereins findet ihr in unserem <a href=\"https:\/\/hauskunterbunt.net\/?page_id=30\">Leitbild<\/a>.<\/p>\n<p>Auch m\u00f6chten wir die Basis f\u00fcr neue Projekte und Ideen bieten. <span style=\"font-size: inherit;\">Wer sich einbringen m\u00f6chte, ob f\u00fcr&#8217;s helfen oder mit einem eigenen Konzept kann sich gerne <a href=\"https:\/\/hauskunterbunt.net\/?page_id=95\">melden<\/a>. <\/span><\/p>\n<p><span style=\"font-size: inherit;\">Zusammen k\u00f6nnen wir mehr erreichen!\u00a0<\/span><\/p>\n<p>Viel Spa\u00df beim durchst\u00f6bern unserer Seiten.<\/p>\n<p><img decoding=\"async\" loading=\"lazy\" class=\"wp-image-509 aligncenter\" src=\"https:\/\/hauskunterbunt.net\/wp-content\/uploads\/2023\/02\/Kawa-HKB-300x200.jpg\" alt=\"\" width=\"1025\" height=\"683\" srcset=\"https:\/\/hauskunterbunt.net\/wp-content\/uploads\/2023\/02\/Kawa-HKB-300x200.jpg 300w, https:\/\/hauskunterbunt.net\/wp-content\/uploads\/2023\/02\/Kawa-HKB-700x467.jpg 700w, https:\/\/hauskunterbunt.net\/wp-content\/uploads\/2023\/02\/Kawa-HKB-768x512.jpg 768w, https:\/\/hauskunterbunt.net\/wp-content\/uploads\/2023\/02\/Kawa-HKB-1536x1024.jpg 1536w, https:\/\/hauskunterbunt.net\/wp-content\/uploads\/2023\/02\/Kawa-HKB-2048x1366.jpg 2048w\" sizes=\"(max-width: 1025px) 100vw, 1025px\" \/><\/p>\n","protected":false},"excerpt":{"rendered":"<p>Herzlich willkommen auf unsere Homepage Haus Kunterbunt e.V. ist in den Bereichen Jugendarbeit, Hilfe zur Selbsthilfe, Permakultur und Mehrgenerationenprojekte t\u00e4tig. Unser Haus Kunterbunt findet ihr in Heldra, unsere Projekte bieten wir im Raum Eisenach &#8211; Eschwege an, auf Anfrage auch au\u00dferhalb. Wof\u00fcr wir uns einsetzen Uns sind bereichernde Beziehungen und eine nachhaltige Lebensweise wichtig. In<\/p>\n<div class=\"more-link\">\n\t\t\t\t <a href=\"https:\/\/hauskunterbunt.net\/\" class=\"link-btn\"><span>Weiterlesen <\/span> <i class=\"icofont-thin-double-right\"><\/i><\/a>\n\t\t\t<\/div>\n","protected":false},"author":1,"featured_media":0,"parent":0,"menu_order":0,"comment_status":"closed","ping_status":"open","template":"","meta":[],"_links":{"self":[{"href":"https:\/\/hauskunterbunt.net\/index.php?rest_route=\/wp\/v2\/pages\/2"}],"collection":[{"href":"https:\/\/hauskunterbunt.net\/index.php?rest_route=\/wp\/v2\/pages"}],"about":[{"href":"https:\/\/hauskunterbunt.net\/index.php?rest_route=\/wp\/v2\/types\/page"}],"author":[{"embeddable":true,"href":"https:\/\/hauskunterbunt.net\/index.php?rest_route=\/wp\/v2\/users\/1"}],"replies":[{"embeddable":true,"href":"https:\/\/hauskunterbunt.net\/index.php?rest_route=%2Fwp%2Fv2%2Fcomments&post=2"}],"version-history":[{"count":29,"href":"https:\/\/hauskunterbunt.net\/index.php?rest_route=\/wp\/v2\/pages\/2\/revisions"}],"predecessor-version":[{"id":715,"href":"https:\/\/hauskunterbunt.net\/index.php?rest_route=\/wp\/v2\/pages\/2\/revisions\/715"}],"wp:attachment":[{"href":"https:\/\/hauskunterbunt.net\/index.php?rest_route=%2Fwp%2Fv2%2Fmedia&parent=2"}],"curies":[{"name":"wp","href":"https:\/\/api.w.org\/{rel}","templated":true}]}}