{"id":101,"date":"2020-08-25T14:04:40","date_gmt":"2020-08-25T14:04:40","guid":{"rendered":"http:\/\/hauskunterbunt.net\/?page_id=101"},"modified":"2024-03-11T15:46:39","modified_gmt":"2024-03-11T15:46:39","slug":"bibliothek","status":"publish","type":"page","link":"https:\/\/hauskunterbunt.net\/?page_id=101","title":{"rendered":"Bibliothek"},"content":{"rendered":"\n<p>In unserer kleinen Bibliothek findet ihr B\u00fccher zu den Themen, die uns im Verein bewegen. Sie helfen dabei den Blickwinkel zu ver\u00e4ndern und besch\u00e4ftigen sich mit Weltbildern, Geldsystem, Umgang mit Konflikten und anderem, was dazu beitr\u00e4gt ein bereicherndes Miteinander zu leben.<\/p>\n\n\n\n<p>Mittlerweile sind auch weitere B\u00fccher dazu gekommen und so finden sich auch Kinderb\u00fccher, Romane und andere Sachb\u00fccher bei uns.<\/p>\n\n\n\n<p>Die B\u00fccher werden gegen Spende verliehen, eine Mitgliedschaft im Verein ist nicht erforderlich. Wer ein Buch ausleihen m\u00f6chte, schreibt uns eine <a href=\"mailto:info@hauskunterbunt.net\">E-Mail<\/a>. <\/p>\n\n\n\n<p>Die B\u00fccherliste gibt es als PDF-Datei auf <a href=\"https:\/\/hauskunterbunt.net\/?page_id=95\" data-type=\"URL\" data-id=\"https:\/\/hauskunterbunt.net\/?page_id=95\">Anfrage<\/a>.<\/p>\n\n\n\n<p><\/p>\n","protected":false},"excerpt":{"rendered":"<p>In unserer kleinen Bibliothek findet ihr B\u00fccher zu den Themen, die uns im Verein bewegen. Sie helfen dabei den Blickwinkel zu ver\u00e4ndern und besch\u00e4ftigen sich mit Weltbildern, Geldsystem, Umgang mit Konflikten und anderem, was dazu beitr\u00e4gt ein bereicherndes Miteinander zu leben. Mittlerweile sind auch weitere B\u00fccher dazu gekommen und so finden sich auch Kinderb\u00fccher, Romane<\/p>\n<div class=\"more-link\">\n\t\t\t\t <a href=\"https:\/\/hauskunterbunt.net\/?page_id=101\" class=\"link-btn\"><span>Weiterlesen <\/span> <i class=\"icofont-thin-double-right\"><\/i><\/a>\n\t\t\t<\/div>\n","protected":false},"author":1,"featured_media":0,"parent":97,"menu_order":0,"comment_status":"closed","ping_status":"closed","template":"","meta":[],"_links":{"self":[{"href":"https:\/\/hauskunterbunt.net\/index.php?rest_route=\/wp\/v2\/pages\/101"}],"collection":[{"href":"https:\/\/hauskunterbunt.net\/index.php?rest_route=\/wp\/v2\/pages"}],"about":[{"href":"https:\/\/hauskunterbunt.net\/index.php?rest_route=\/wp\/v2\/types\/page"}],"author":[{"embeddable":true,"href":"https:\/\/hauskunterbunt.net\/index.php?rest_route=\/wp\/v2\/users\/1"}],"replies":[{"embeddable":true,"href":"https:\/\/hauskunterbunt.net\/index.php?rest_route=%2Fwp%2Fv2%2Fcomments&post=101"}],"version-history":[{"count":14,"href":"https:\/\/hauskunterbunt.net\/index.php?rest_route=\/wp\/v2\/pages\/101\/revisions"}],"predecessor-version":[{"id":719,"href":"https:\/\/hauskunterbunt.net\/index.php?rest_route=\/wp\/v2\/pages\/101\/revisions\/719"}],"up":[{"embeddable":true,"href":"https:\/\/hauskunterbunt.net\/index.php?rest_route=\/wp\/v2\/pages\/97"}],"wp:attachment":[{"href":"https:\/\/hauskunterbunt.net\/index.php?rest_route=%2Fwp%2Fv2%2Fmedia&parent=101"}],"curies":[{"name":"wp","href":"https:\/\/api.w.org\/{rel}","templated":true}]}}